{"id":2720,"date":"2026-04-07T14:56:00","date_gmt":"2026-04-07T12:56:00","guid":{"rendered":"https:\/\/bratlandconsulting.com\/?page_id=2720"},"modified":"2026-04-07T17:44:43","modified_gmt":"2026-04-07T15:44:43","slug":"support","status":"publish","type":"page","link":"https:\/\/bratlandconsulting.com\/index.php\/support\/","title":{"rendered":"Support"},"content":{"rendered":"\t\t<div data-elementor-type=\"wp-page\" data-elementor-id=\"2720\" class=\"elementor elementor-2720\">\n\t\t\t\t<div class=\"elementor-element elementor-element-8f97ee6 e-flex e-con-boxed e-con e-parent\" data-id=\"8f97ee6\" data-element_type=\"container\" data-e-type=\"container\">\n\t\t\t\t\t<div class=\"e-con-inner\">\n\t\t\t\t<div class=\"elementor-element elementor-element-3eb80c5 elementor-widget elementor-widget-heading\" data-id=\"3eb80c5\" data-element_type=\"widget\" data-e-type=\"widget\" data-widget_type=\"heading.default\">\n\t\t\t\t\t<h2 class=\"elementor-heading-title elementor-size-default\">Support<\/h2>\t\t\t\t<\/div>\n\t\t\t\t<div class=\"elementor-element elementor-element-54019b0 elementor-widget elementor-widget-text-editor\" data-id=\"54019b0\" data-element_type=\"widget\" data-e-type=\"widget\" data-widget_type=\"text-editor.default\">\n\t\t\t\t\t\t\t\t\t<h3><span style=\"color: #ffc58a;\">IT-support og selvhjelp: L\u00f8s problemene raskere<\/span><\/h3><p>Opplever du tekniske utfordringer? Ofte kan sm\u00e5 grep l\u00f8se store problemer. Vi har samlet de mest effektive selvhjelpstipsene slik at du raskt kan komme tilbake til arbeidet uten \u00e5 m\u00e5tte vente i telefonk\u00f8.<br \/>Enkle tips for selvhjelp:<\/p><ul><li>Start p\u00e5 nytt: Det eldste trikset i boka fungerer fortsatt. En omstart av maskinen t\u00f8mmer midlertidig minne og avslutter prosesser som har l\u00e5st seg.<\/li><li>Sjekk tilkoblinger: Se over at str\u00f8mkabler, nettverkskabler og USB-utstyr sitter ordentlig i.<\/li><li>Oppdater programvare: S\u00f8rg for at b\u00e5de operativsystem og viktige programmer er oppdatert for \u00e5 sikre stabilitet og sikkerhet.<\/li><\/ul><h3><span style=\"color: #ffc58a;\">Trenger du fjernhjelp?<\/span><\/h3><p>Noen ganger kreves det eksperthjelp for \u00e5 finne ut av flokene. Ved \u00e5 bruke TeamViewer kan v\u00e5re teknikere se skjermen din og styre maskinen din sikkert over nettet, akkurat som om vi satt ved siden av deg.<\/p><p><span style=\"color: #ffc58a;\">Slik gj\u00f8r du det:<\/span><\/p><ol><li>Last ned: Klikk p\u00e5 knappen under for \u00e5 laste ned TeamViewer-klienten.<\/li><li>Kj\u00f8r programmet: Du trenger som regel ikke \u00e5 installere noe; bare \u00e5pne filen du lastet ned.<\/li><li>Oppgi ID og passord: N\u00e5r programmet starter, vil du se en unik ID og et engangspassord. Oppgi disse til teknikeren din n\u00e5r du blir bedt om det.<\/li><\/ol>\t\t\t\t\t\t\t\t<\/div>\n\t\t\t\t<div class=\"elementor-element elementor-element-00d66b3 elementor-align-right elementor-widget elementor-widget-button\" data-id=\"00d66b3\" data-element_type=\"widget\" data-e-type=\"widget\" data-widget_type=\"button.default\">\n\t\t\t\t\t\t\t\t\t\t<a class=\"elementor-button elementor-button-link elementor-size-sm\" href=\"https:\/\/get.teamviewer.com\/6832skf\">\n\t\t\t\t\t\t<span class=\"elementor-button-content-wrapper\">\n\t\t\t\t\t\t<span class=\"elementor-button-icon\">\n\t\t\t\t<svg aria-hidden=\"true\" class=\"e-font-icon-svg e-fas-download\" viewBox=\"0 0 512 512\" xmlns=\"http:\/\/www.w3.org\/2000\/svg\"><path d=\"M216 0h80c13.3 0 24 10.7 24 24v168h87.7c17.8 0 26.7 21.5 14.1 34.1L269.7 378.3c-7.5 7.5-19.8 7.5-27.3 0L90.1 226.1c-12.6-12.6-3.7-34.1 14.1-34.1H192V24c0-13.3 10.7-24 24-24zm296 376v112c0 13.3-10.7 24-24 24H24c-13.3 0-24-10.7-24-24V376c0-13.3 10.7-24 24-24h146.7l49 49c20.1 20.1 52.5 20.1 72.6 0l49-49H488c13.3 0 24 10.7 24 24zm-124 88c0-11-9-20-20-20s-20 9-20 20 9 20 20 20 20-9 20-20zm64 0c0-11-9-20-20-20s-20 9-20 20 9 20 20 20 20-9 20-20z\"><\/path><\/svg>\t\t\t<\/span>\n\t\t\t\t\t\t\t\t\t<span class=\"elementor-button-text\">Last ned TeamViewer<\/span>\n\t\t\t\t\t<\/span>\n\t\t\t\t\t<\/a>\n\t\t\t\t\t\t\t\t<\/div>\n\t\t\t\t<div class=\"elementor-element elementor-element-17bedc72 elementor-widget-divider--view-line elementor-widget elementor-widget-divider\" data-id=\"17bedc72\" data-element_type=\"widget\" data-e-type=\"widget\" data-widget_type=\"divider.default\">\n\t\t\t\t\t\t\t<div class=\"elementor-divider\">\n\t\t\t<span class=\"elementor-divider-separator\">\n\t\t\t\t\t\t<\/span>\n\t\t<\/div>\n\t\t\t\t\t\t<\/div>\n\t\t\t\t<div class=\"elementor-element elementor-element-3bdb3631 elementor-invisible elementor-widget elementor-widget-heading\" data-id=\"3bdb3631\" data-element_type=\"widget\" data-e-type=\"widget\" data-settings=\"{&quot;_animation&quot;:&quot;fadeInRight&quot;}\" data-widget_type=\"heading.default\">\n\t\t\t\t\t<h2 class=\"elementor-heading-title elementor-size-default\">\/Selvhjelp<\/h2>\t\t\t\t<\/div>\n\t\t\t\t<div class=\"elementor-element elementor-element-7c932b3f elementor-widget elementor-widget-elementskit-blog-posts\" data-id=\"7c932b3f\" data-element_type=\"widget\" data-e-type=\"widget\" data-widget_type=\"elementskit-blog-posts.default\">\n\t\t\t\t\t<div class=\"ekit-wid-con\" >        <div id=\"post-items--7c932b3f\" class=\"row post-items\">\n                    <div class=\"col-lg-4 col-md-6\">\n\n                                    <div class=\"elementskit-post-image-card\">\n                        <div class=\"elementskit-entry-header\">\n                                                            <a href=\"https:\/\/bratlandconsulting.com\/index.php\/2026\/04\/07\/far-du-ikke-skrevet-ut-dette-bor-du-sjekke-forst\/\" class=\"elementskit-entry-thumb\">\n                                    <img decoding=\"async\" src=\"https:\/\/bratlandconsulting.com\/wp-content\/uploads\/2026\/04\/Gemini_Generated_Image-utskriftsfeil-768x419.png\" alt=\"F\u00e5r du ikke skrevet ut? &#8211; Dette b\u00f8r du sjekke f\u00f8rst.\">\n                                <\/a><!-- .elementskit-entry-thumb END -->\n                                                            \n                            \n\t\t\t\t\t\t\t\t\t\t\t\t\t<\/div><!-- .elementskit-entry-header END -->\n\n\t\t\t\t\t\t<div class=\"elementskit-post-body \">\n\t\t\t\t\t\t\t\n\t\t\t\t\t\t\t\t\t\t\t\t\t\t\t\t\t\t\t\t\t\t\t\t\t\t\t\t\t\t\n\t\t\t\t\t\t\t\t\n\t\t\t\t\t\t\t\t\t\t\t\t\t\t\t\t\t\t\t\t\t<h2 class=\"entry-title\">\n\t\t\t\t\t<a href=\"https:\/\/bratlandconsulting.com\/index.php\/2026\/04\/07\/far-du-ikke-skrevet-ut-dette-bor-du-sjekke-forst\/\">\n\t\t\t\t\t\tF\u00e5r du ikke skrevet ut? &#8211; Dette b\u00f8r du sjekke f\u00f8rst.\t\t\t\t\t<\/a>\n\t\t\t\t<\/h2>\n\t\t\t\t\t\t\t\t\t\t\t\t\t\t\t\t\t\t\t\t\t\t\t\t\t\t\t\t\t\t\t\t\t\t\t\t\t\t\t\t\t\t<p>Det er alltid irriterende n\u00e5r utskriften stopper opp, spesielt n\u00e5r du har en travel arbeidsdag.\u00a0 F\u00f8r du kontakter oss, kan du g\u00e5 gjennom denne enkle sjekklisten for \u00e5 se om du l\u00f8ser problemet selv.<\/p>\n\t\t\t\t\t\t\t\t\t\t\t\t\t\t\t\t\t\t\t\t\t\t                                                            <div class=\"btn-wraper\">\n                                    \n                                                                            <a class=\"elementskit-btn whitespace--normal\" id=\"\" href=\"https:\/\/bratlandconsulting.com\/index.php\/2026\/04\/07\/far-du-ikke-skrevet-ut-dette-bor-du-sjekke-forst\/\">\n                                        \t                                            Les mer....                                        <\/a>\n                                                                    <\/div>\n                                                    <\/div><!-- .elementskit-post-body END -->\n                    <\/div>\n                \n            <\/div>\n                <\/div>\n       <\/div>\t\t\t\t<\/div>\n\t\t\t\t\t<\/div>\n\t\t\t\t<\/div>\n\t\t<div class=\"elementor-element elementor-element-3a2e51c4 e-flex e-con-boxed e-con e-parent\" data-id=\"3a2e51c4\" data-element_type=\"container\" data-e-type=\"container\">\n\t\t\t\t\t<div class=\"e-con-inner\">\n\t\t\t\t<div class=\"elementor-element elementor-element-456a5063 elementor-widget-divider--view-line elementor-widget elementor-widget-divider\" data-id=\"456a5063\" data-element_type=\"widget\" data-e-type=\"widget\" data-widget_type=\"divider.default\">\n\t\t\t\t\t\t\t<div class=\"elementor-divider\">\n\t\t\t<span class=\"elementor-divider-separator\">\n\t\t\t\t\t\t<\/span>\n\t\t<\/div>\n\t\t\t\t\t\t<\/div>\n\t\t\t\t<div class=\"elementor-element elementor-element-71e6d6da elementor-invisible elementor-widget elementor-widget-heading\" data-id=\"71e6d6da\" data-element_type=\"widget\" data-e-type=\"widget\" data-settings=\"{&quot;_animation&quot;:&quot;fadeInRight&quot;}\" data-widget_type=\"heading.default\">\n\t\t\t\t\t<h2 class=\"elementor-heading-title elementor-size-default\">\/Ofte Stilte Sp\u00f8rsm\u00e5l<\/h2>\t\t\t\t<\/div>\n\t\t\t\t<div class=\"elementor-element elementor-element-fc4b500 elementor-widget elementor-widget-elementskit-blog-posts\" data-id=\"fc4b500\" data-element_type=\"widget\" data-e-type=\"widget\" data-widget_type=\"elementskit-blog-posts.default\">\n\t\t\t\t\t<div class=\"ekit-wid-con\" >        <div id=\"post-items--fc4b500\" class=\"row post-items\">\n                    <div class=\"col-lg-4 col-md-6\">\n\n                                    <div class=\"elementskit-post-image-card\">\n                        <div class=\"elementskit-entry-header\">\n                            \n                            \n\t\t\t\t\t\t\t\t\t\t\t\t\t<\/div><!-- .elementskit-entry-header END -->\n\n\t\t\t\t\t\t<div class=\"elementskit-post-body \">\n\t\t\t\t\t\t\t\n\t\t\t\t\t\t\t\t\t\t\t\t\t\t\t\t\t\t\t\t\t\t\t\t\t\t\t\t\t\t\n\t\t\t\t\t\t\t\t\n\t\t\t\t\t\t\t\t\t\t\t\t\t\t\t\t\t\t\t\t\t<h2 class=\"entry-title\">\n\t\t\t\t\t<a href=\"https:\/\/bratlandconsulting.com\/index.php\/2026\/03\/15\/hvor-kan-norske-bedrifter-fa-oppdatert-informasjon-om-cybertrusler\/\">\n\t\t\t\t\t\tHvor kan norske bedrifter f\u00e5 oppdatert informasjon om cybertrusler?\t\t\t\t\t<\/a>\n\t\t\t\t<\/h2>\n\t\t\t\t\t\t\t\t\t\t\t\t\t\t\t\t\t\t\t\t\t\t\t\t\t\t\t\t\t\t\t\t\t\t\t\t\t\t\t\t\t\t<p>Norske bedrifter kan f\u00e5 oppdatert informasjon fra nasjonale myndigheter og fagmilj\u00f8er som publiserer analyser, r\u00e5d og varsler om cybersikkerhet.<\/p>\n\t\t\t\t\t\t\t\t\t\t\t\t\t\t\t\t\t\t\t\t\t\t                                                    <\/div><!-- .elementskit-post-body END -->\n                    <\/div>\n                \n            <\/div>\n                    <div class=\"col-lg-4 col-md-6\">\n\n                                    <div class=\"elementskit-post-image-card\">\n                        <div class=\"elementskit-entry-header\">\n                            \n                            \n\t\t\t\t\t\t\t\t\t\t\t\t\t<\/div><!-- .elementskit-entry-header END -->\n\n\t\t\t\t\t\t<div class=\"elementskit-post-body \">\n\t\t\t\t\t\t\t\n\t\t\t\t\t\t\t\t\t\t\t\t\t\t\t\t\t\t\t\t\t\t\t\t\t\t\t\t\t\t\n\t\t\t\t\t\t\t\t\n\t\t\t\t\t\t\t\t\t\t\t\t\t\t\t\t\t\t\t\t\t<h2 class=\"entry-title\">\n\t\t\t\t\t<a href=\"https:\/\/bratlandconsulting.com\/index.php\/2026\/03\/15\/hvilke-bransjer-er-mest-utsatt-for-cyberangrep-i-norge\/\">\n\t\t\t\t\t\tHvilke bransjer er mest utsatt for cyberangrep i Norge?\t\t\t\t\t<\/a>\n\t\t\t\t<\/h2>\n\t\t\t\t\t\t\t\t\t\t\t\t\t\t\t\t\t\t\t\t\t\t\t\t\t\t\t\t\t\t\t\t\t\t\t\t\t\t\t\t\t\t<p>Flere bransjer er spesielt utsatt for cyberangrep, blant annet produksjon, detaljhandel og e-handel, regnskap og \u00f8konomitjenester, helse og omsorg, samt byggebransjen.<\/p>\n\t\t\t\t\t\t\t\t\t\t\t\t\t\t\t\t\t\t\t\t\t\t                                                    <\/div><!-- .elementskit-post-body END -->\n                    <\/div>\n                \n            <\/div>\n                    <div class=\"col-lg-4 col-md-6\">\n\n                                    <div class=\"elementskit-post-image-card\">\n                        <div class=\"elementskit-entry-header\">\n                            \n                            \n\t\t\t\t\t\t\t\t\t\t\t\t\t<\/div><!-- .elementskit-entry-header END -->\n\n\t\t\t\t\t\t<div class=\"elementskit-post-body \">\n\t\t\t\t\t\t\t\n\t\t\t\t\t\t\t\t\t\t\t\t\t\t\t\t\t\t\t\t\t\t\t\t\t\t\t\t\t\t\n\t\t\t\t\t\t\t\t\n\t\t\t\t\t\t\t\t\t\t\t\t\t\t\t\t\t\t\t\t\t<h2 class=\"entry-title\">\n\t\t\t\t\t<a href=\"https:\/\/bratlandconsulting.com\/index.php\/2026\/03\/15\/hvor-ofte-bor-en-bedrift-ta-backup-av-data\/\">\n\t\t\t\t\t\tHvor ofte b\u00f8r en bedrift ta backup av data?\t\t\t\t\t<\/a>\n\t\t\t\t<\/h2>\n\t\t\t\t\t\t\t\t\t\t\t\t\t\t\t\t\t\t\t\t\t\t\t\t\t\t\t\t\t\t\t\t\t\t\t\t\t\t\t\t\t\t<p>Bedrifter b\u00f8r ta regelmessige sikkerhetskopier av kritiske data, helst daglig. Backup b\u00f8r lagres b\u00e5de sikkert og offline slik at den ikke p\u00e5virkes av ransomware-angrep eller andre sikkerhetshendelser.<\/p>\n\t\t\t\t\t\t\t\t\t\t\t\t\t\t\t\t\t\t\t\t\t\t                                                    <\/div><!-- .elementskit-post-body END -->\n                    <\/div>\n                \n            <\/div>\n                    <div class=\"col-lg-4 col-md-6\">\n\n                                    <div class=\"elementskit-post-image-card\">\n                        <div class=\"elementskit-entry-header\">\n                            \n                            \n\t\t\t\t\t\t\t\t\t\t\t\t\t<\/div><!-- .elementskit-entry-header END -->\n\n\t\t\t\t\t\t<div class=\"elementskit-post-body \">\n\t\t\t\t\t\t\t\n\t\t\t\t\t\t\t\t\t\t\t\t\t\t\t\t\t\t\t\t\t\t\t\t\t\t\t\t\t\t\n\t\t\t\t\t\t\t\t\n\t\t\t\t\t\t\t\t\t\t\t\t\t\t\t\t\t\t\t\t\t<h2 class=\"entry-title\">\n\t\t\t\t\t<a href=\"https:\/\/bratlandconsulting.com\/index.php\/2026\/03\/15\/hvorfor-bor-bedrifter-bruke-tofaktorautentisering\/\">\n\t\t\t\t\t\tHvorfor b\u00f8r bedrifter bruke tofaktorautentisering?\t\t\t\t\t<\/a>\n\t\t\t\t<\/h2>\n\t\t\t\t\t\t\t\t\t\t\t\t\t\t\t\t\t\t\t\t\t\t\t\t\t\t\t\t\t\t\t\t\t\t\t\t\t\t\t\t\t\t<p>Tofaktorautentisering (MFA) gir et ekstra sikkerhetslag ved at brukere m\u00e5 bekrefte innlogging med en ekstra faktor, for eksempel en kode fra mobiltelefonen. Dette gj\u00f8r det mye vanskeligere for angripere \u00e5 f\u00e5 tilgang til kontoer selv om passordet blir stj\u00e5let.<\/p>\n\t\t\t\t\t\t\t\t\t\t\t\t\t\t\t\t\t\t\t\t\t\t                                                    <\/div><!-- .elementskit-post-body END -->\n                    <\/div>\n                \n            <\/div>\n                    <div class=\"col-lg-4 col-md-6\">\n\n                                    <div class=\"elementskit-post-image-card\">\n                        <div class=\"elementskit-entry-header\">\n                            \n                            \n\t\t\t\t\t\t\t\t\t\t\t\t\t<\/div><!-- .elementskit-entry-header END -->\n\n\t\t\t\t\t\t<div class=\"elementskit-post-body \">\n\t\t\t\t\t\t\t\n\t\t\t\t\t\t\t\t\t\t\t\t\t\t\t\t\t\t\t\t\t\t\t\t\t\t\t\t\t\t\n\t\t\t\t\t\t\t\t\n\t\t\t\t\t\t\t\t\t\t\t\t\t\t\t\t\t\t\t\t\t<h2 class=\"entry-title\">\n\t\t\t\t\t<a href=\"https:\/\/bratlandconsulting.com\/index.php\/2026\/03\/15\/hva-er-ceo-svindel\/\">\n\t\t\t\t\t\tHva er CEO-svindel?\t\t\t\t\t<\/a>\n\t\t\t\t<\/h2>\n\t\t\t\t\t\t\t\t\t\t\t\t\t\t\t\t\t\t\t\t\t\t\t\t\t\t\t\t\t\t\t\t\t\t\t\t\t\t\t\t\t\t<p>CEO-svindel er en type phishing der angriperen utgir seg for \u00e5 v\u00e6re en leder i bedriften. De sender ofte en e-post til en ansatt i \u00f8konomi eller administrasjon med en hasteforesp\u00f8rsel om \u00e5 overf\u00f8re penger til en konto.<\/p>\n\t\t\t\t\t\t\t\t\t\t\t\t\t\t\t\t\t\t\t\t\t\t                                                    <\/div><!-- .elementskit-post-body END -->\n                    <\/div>\n                \n            <\/div>\n                    <div class=\"col-lg-4 col-md-6\">\n\n                                    <div class=\"elementskit-post-image-card\">\n                        <div class=\"elementskit-entry-header\">\n                            \n                            \n\t\t\t\t\t\t\t\t\t\t\t\t\t<\/div><!-- .elementskit-entry-header END -->\n\n\t\t\t\t\t\t<div class=\"elementskit-post-body \">\n\t\t\t\t\t\t\t\n\t\t\t\t\t\t\t\t\t\t\t\t\t\t\t\t\t\t\t\t\t\t\t\t\t\t\t\t\t\t\n\t\t\t\t\t\t\t\t\n\t\t\t\t\t\t\t\t\t\t\t\t\t\t\t\t\t\t\t\t\t<h2 class=\"entry-title\">\n\t\t\t\t\t<a href=\"https:\/\/bratlandconsulting.com\/index.php\/2026\/03\/14\/hvordan-fungerer-phishing-angrep-mot-bedrifter\/\">\n\t\t\t\t\t\tHvordan fungerer phishing-angrep mot bedrifter?\t\t\t\t\t<\/a>\n\t\t\t\t<\/h2>\n\t\t\t\t\t\t\t\t\t\t\t\t\t\t\t\t\t\t\t\t\t\t\t\t\t\t\t\t\t\t\t\t\t\t\t\t\t\t\t\t\t\t<p>Phishing-angrep skjer vanligvis via e-post der angripere utgir seg for \u00e5 v\u00e6re en legitim avsender, for eksempel en leverand\u00f8r eller leder i selskapet. M\u00e5let er ofte \u00e5 lure ansatte til \u00e5 klikke p\u00e5 skadelige lenker, oppgi passord eller gjennomf\u00f8re betalinger.<\/p>\n\t\t\t\t\t\t\t\t\t\t\t\t\t\t\t\t\t\t\t\t\t\t                                                    <\/div><!-- .elementskit-post-body END -->\n                    <\/div>\n                \n            <\/div>\n                    <div class=\"col-lg-4 col-md-6\">\n\n                                    <div class=\"elementskit-post-image-card\">\n                        <div class=\"elementskit-entry-header\">\n                            \n                            \n\t\t\t\t\t\t\t\t\t\t\t\t\t<\/div><!-- .elementskit-entry-header END -->\n\n\t\t\t\t\t\t<div class=\"elementskit-post-body \">\n\t\t\t\t\t\t\t\n\t\t\t\t\t\t\t\t\t\t\t\t\t\t\t\t\t\t\t\t\t\t\t\t\t\t\t\t\t\t\n\t\t\t\t\t\t\t\t\n\t\t\t\t\t\t\t\t\t\t\t\t\t\t\t\t\t\t\t\t\t<h2 class=\"entry-title\">\n\t\t\t\t\t<a href=\"https:\/\/bratlandconsulting.com\/index.php\/2026\/03\/14\/hva-er-den-storste-cybertrusselen-mot-sma-og-mellomstore-bedrifter\/\">\n\t\t\t\t\t\tHva er den st\u00f8rste cybertrusselen mot sm\u00e5 og mellomstore bedrifter?\t\t\t\t\t<\/a>\n\t\t\t\t<\/h2>\n\t\t\t\t\t\t\t\t\t\t\t\t\t\t\t\t\t\t\t\t\t\t\t\t\t\t\t\t\t\t\t\t\t\t\t\t\t\t\t\t\t\t<p>Ransomware er en av de st\u00f8rste cybertruslene mot SMB-bedrifter. I slike angrep krypterer angripere bedriftens data og krever l\u00f8sepenger for \u00e5 gi tilgang tilbake. Mange angrep inkluderer ogs\u00e5 trusler om \u00e5 publisere sensitive data hvis l\u00f8sepenger ikke betales.<\/p>\n\t\t\t\t\t\t\t\t\t\t\t\t\t\t\t\t\t\t\t\t\t\t                                                    <\/div><!-- .elementskit-post-body END -->\n                    <\/div>\n                \n            <\/div>\n                <\/div>\n       <\/div>\t\t\t\t<\/div>\n\t\t\t\t<div class=\"elementor-element elementor-element-8c39c96 elementor-widget-divider--view-line elementor-widget elementor-widget-divider\" data-id=\"8c39c96\" data-element_type=\"widget\" data-e-type=\"widget\" data-widget_type=\"divider.default\">\n\t\t\t\t\t\t\t<div class=\"elementor-divider\">\n\t\t\t<span class=\"elementor-divider-separator\">\n\t\t\t\t\t\t<\/span>\n\t\t<\/div>\n\t\t\t\t\t\t<\/div>\n\t\t\t\t\t<\/div>\n\t\t\t\t<\/div>\n\t\t\t\t<\/div>\n\t\t","protected":false},"excerpt":{"rendered":"<p>Support IT-support og selvhjelp: L\u00f8s problemene raskere Opplever du tekniske utfordringer? Ofte kan sm\u00e5 grep l\u00f8se store problemer. Vi har samlet de mest effektive selvhjelpstipsene slik at du raskt kan komme tilbake til arbeidet uten \u00e5 m\u00e5tte vente i telefonk\u00f8.Enkle tips for selvhjelp: Start p\u00e5 nytt: Det eldste trikset i boka fungerer fortsatt. En omstart [&hellip;]<\/p>\n","protected":false},"author":1,"featured_media":0,"parent":0,"menu_order":0,"comment_status":"closed","ping_status":"closed","template":"","meta":{"postBodyCss":"","postBodyMargin":[],"postBodyPadding":[],"postBodyBackground":{"backgroundType":"classic","gradient":""},"footnotes":""},"class_list":["post-2720","page","type-page","status-publish","hentry"],"yoast_head":"<!-- This site is optimized with the Yoast SEO plugin v27.3 - https:\/\/yoast.com\/product\/yoast-seo-wordpress\/ -->\n<title>Support - Bratland Consulting AS<\/title>\n<meta name=\"description\" content=\"Bratland Consulting AS Support\" \/>\n<meta name=\"robots\" content=\"index, follow, max-snippet:-1, max-image-preview:large, max-video-preview:-1\" \/>\n<link rel=\"canonical\" href=\"https:\/\/bratlandconsulting.com\/index.php\/support\/\" \/>\n<meta property=\"og:locale\" content=\"nb_NO\" \/>\n<meta property=\"og:type\" content=\"article\" \/>\n<meta property=\"og:title\" content=\"Support - Bratland Consulting AS\" \/>\n<meta property=\"og:description\" content=\"Bratland Consulting AS Support\" \/>\n<meta property=\"og:url\" content=\"https:\/\/bratlandconsulting.com\/index.php\/support\/\" \/>\n<meta property=\"og:site_name\" content=\"Bratland Consulting AS\" \/>\n<meta property=\"article:modified_time\" content=\"2026-04-07T15:44:43+00:00\" \/>\n<meta property=\"og:image\" content=\"https:\/\/bratlandconsulting.com\/wp-content\/uploads\/2026\/04\/Gemini_Generated_Image-utskriftsfeil-768x419.png\" \/>\n<meta name=\"twitter:card\" content=\"summary_large_image\" \/>\n<meta name=\"twitter:label1\" content=\"Ansl. lesetid\" \/>\n\t<meta name=\"twitter:data1\" content=\"4 minutter\" \/>\n<script type=\"application\/ld+json\" class=\"yoast-schema-graph\">{\"@context\":\"https:\\\/\\\/schema.org\",\"@graph\":[{\"@type\":\"WebPage\",\"@id\":\"https:\\\/\\\/bratlandconsulting.com\\\/index.php\\\/support\\\/\",\"url\":\"https:\\\/\\\/bratlandconsulting.com\\\/index.php\\\/support\\\/\",\"name\":\"Support - Bratland Consulting AS\",\"isPartOf\":{\"@id\":\"https:\\\/\\\/bratlandconsulting.com\\\/#website\"},\"primaryImageOfPage\":{\"@id\":\"https:\\\/\\\/bratlandconsulting.com\\\/index.php\\\/support\\\/#primaryimage\"},\"image\":{\"@id\":\"https:\\\/\\\/bratlandconsulting.com\\\/index.php\\\/support\\\/#primaryimage\"},\"thumbnailUrl\":\"https:\\\/\\\/bratlandconsulting.com\\\/wp-content\\\/uploads\\\/2026\\\/04\\\/Gemini_Generated_Image-utskriftsfeil-768x419.png\",\"datePublished\":\"2026-04-07T12:56:00+00:00\",\"dateModified\":\"2026-04-07T15:44:43+00:00\",\"description\":\"Bratland Consulting AS Support\",\"breadcrumb\":{\"@id\":\"https:\\\/\\\/bratlandconsulting.com\\\/index.php\\\/support\\\/#breadcrumb\"},\"inLanguage\":\"nb-NO\",\"potentialAction\":[{\"@type\":\"ReadAction\",\"target\":[\"https:\\\/\\\/bratlandconsulting.com\\\/index.php\\\/support\\\/\"]}]},{\"@type\":\"ImageObject\",\"inLanguage\":\"nb-NO\",\"@id\":\"https:\\\/\\\/bratlandconsulting.com\\\/index.php\\\/support\\\/#primaryimage\",\"url\":\"https:\\\/\\\/bratlandconsulting.com\\\/wp-content\\\/uploads\\\/2026\\\/04\\\/Gemini_Generated_Image-utskriftsfeil.png\",\"contentUrl\":\"https:\\\/\\\/bratlandconsulting.com\\\/wp-content\\\/uploads\\\/2026\\\/04\\\/Gemini_Generated_Image-utskriftsfeil.png\",\"width\":1408,\"height\":768},{\"@type\":\"BreadcrumbList\",\"@id\":\"https:\\\/\\\/bratlandconsulting.com\\\/index.php\\\/support\\\/#breadcrumb\",\"itemListElement\":[{\"@type\":\"ListItem\",\"position\":1,\"name\":\"Home\",\"item\":\"https:\\\/\\\/bratlandconsulting.com\\\/\"},{\"@type\":\"ListItem\",\"position\":2,\"name\":\"Support\"}]},{\"@type\":\"WebSite\",\"@id\":\"https:\\\/\\\/bratlandconsulting.com\\\/#website\",\"url\":\"https:\\\/\\\/bratlandconsulting.com\\\/\",\"name\":\"Bratland Consulting AS\",\"description\":\"IT-Tjenester\",\"potentialAction\":[{\"@type\":\"SearchAction\",\"target\":{\"@type\":\"EntryPoint\",\"urlTemplate\":\"https:\\\/\\\/bratlandconsulting.com\\\/?s={search_term_string}\"},\"query-input\":{\"@type\":\"PropertyValueSpecification\",\"valueRequired\":true,\"valueName\":\"search_term_string\"}}],\"inLanguage\":\"nb-NO\"}]}<\/script>\n<!-- \/ Yoast SEO plugin. -->","yoast_head_json":{"title":"Support - Bratland Consulting AS","description":"Bratland Consulting AS Support","robots":{"index":"index","follow":"follow","max-snippet":"max-snippet:-1","max-image-preview":"max-image-preview:large","max-video-preview":"max-video-preview:-1"},"canonical":"https:\/\/bratlandconsulting.com\/index.php\/support\/","og_locale":"nb_NO","og_type":"article","og_title":"Support - Bratland Consulting AS","og_description":"Bratland Consulting AS Support","og_url":"https:\/\/bratlandconsulting.com\/index.php\/support\/","og_site_name":"Bratland Consulting AS","article_modified_time":"2026-04-07T15:44:43+00:00","og_image":[{"url":"https:\/\/bratlandconsulting.com\/wp-content\/uploads\/2026\/04\/Gemini_Generated_Image-utskriftsfeil-768x419.png","type":"","width":"","height":""}],"twitter_card":"summary_large_image","twitter_misc":{"Ansl. lesetid":"4 minutter"},"schema":{"@context":"https:\/\/schema.org","@graph":[{"@type":"WebPage","@id":"https:\/\/bratlandconsulting.com\/index.php\/support\/","url":"https:\/\/bratlandconsulting.com\/index.php\/support\/","name":"Support - Bratland Consulting AS","isPartOf":{"@id":"https:\/\/bratlandconsulting.com\/#website"},"primaryImageOfPage":{"@id":"https:\/\/bratlandconsulting.com\/index.php\/support\/#primaryimage"},"image":{"@id":"https:\/\/bratlandconsulting.com\/index.php\/support\/#primaryimage"},"thumbnailUrl":"https:\/\/bratlandconsulting.com\/wp-content\/uploads\/2026\/04\/Gemini_Generated_Image-utskriftsfeil-768x419.png","datePublished":"2026-04-07T12:56:00+00:00","dateModified":"2026-04-07T15:44:43+00:00","description":"Bratland Consulting AS Support","breadcrumb":{"@id":"https:\/\/bratlandconsulting.com\/index.php\/support\/#breadcrumb"},"inLanguage":"nb-NO","potentialAction":[{"@type":"ReadAction","target":["https:\/\/bratlandconsulting.com\/index.php\/support\/"]}]},{"@type":"ImageObject","inLanguage":"nb-NO","@id":"https:\/\/bratlandconsulting.com\/index.php\/support\/#primaryimage","url":"https:\/\/bratlandconsulting.com\/wp-content\/uploads\/2026\/04\/Gemini_Generated_Image-utskriftsfeil.png","contentUrl":"https:\/\/bratlandconsulting.com\/wp-content\/uploads\/2026\/04\/Gemini_Generated_Image-utskriftsfeil.png","width":1408,"height":768},{"@type":"BreadcrumbList","@id":"https:\/\/bratlandconsulting.com\/index.php\/support\/#breadcrumb","itemListElement":[{"@type":"ListItem","position":1,"name":"Home","item":"https:\/\/bratlandconsulting.com\/"},{"@type":"ListItem","position":2,"name":"Support"}]},{"@type":"WebSite","@id":"https:\/\/bratlandconsulting.com\/#website","url":"https:\/\/bratlandconsulting.com\/","name":"Bratland Consulting AS","description":"IT-Tjenester","potentialAction":[{"@type":"SearchAction","target":{"@type":"EntryPoint","urlTemplate":"https:\/\/bratlandconsulting.com\/?s={search_term_string}"},"query-input":{"@type":"PropertyValueSpecification","valueRequired":true,"valueName":"search_term_string"}}],"inLanguage":"nb-NO"}]}},"_links":{"self":[{"href":"https:\/\/bratlandconsulting.com\/index.php\/wp-json\/wp\/v2\/pages\/2720","targetHints":{"allow":["GET"]}}],"collection":[{"href":"https:\/\/bratlandconsulting.com\/index.php\/wp-json\/wp\/v2\/pages"}],"about":[{"href":"https:\/\/bratlandconsulting.com\/index.php\/wp-json\/wp\/v2\/types\/page"}],"author":[{"embeddable":true,"href":"https:\/\/bratlandconsulting.com\/index.php\/wp-json\/wp\/v2\/users\/1"}],"replies":[{"embeddable":true,"href":"https:\/\/bratlandconsulting.com\/index.php\/wp-json\/wp\/v2\/comments?post=2720"}],"version-history":[{"count":72,"href":"https:\/\/bratlandconsulting.com\/index.php\/wp-json\/wp\/v2\/pages\/2720\/revisions"}],"predecessor-version":[{"id":2875,"href":"https:\/\/bratlandconsulting.com\/index.php\/wp-json\/wp\/v2\/pages\/2720\/revisions\/2875"}],"wp:attachment":[{"href":"https:\/\/bratlandconsulting.com\/index.php\/wp-json\/wp\/v2\/media?parent=2720"}],"curies":[{"name":"wp","href":"https:\/\/api.w.org\/{rel}","templated":true}]}}